{"id":296,"date":"2023-10-01T10:41:34","date_gmt":"2023-10-01T13:41:34","guid":{"rendered":"https:\/\/mairadoliveira.com.br\/?page_id=296"},"modified":"2024-01-19T08:55:03","modified_gmt":"2024-01-19T11:55:03","slug":"blog","status":"publish","type":"page","link":"https:\/\/mairadoliveira.com.br\/?page_id=296","title":{"rendered":"Blog"},"content":{"rendered":"\t\t<div data-elementor-type=\"wp-page\" data-elementor-id=\"296\" class=\"elementor elementor-296\">\n\t\t\t\t\t\t<section class=\"elementor-section elementor-top-section elementor-element elementor-element-6e2f5955 elementor-section-full_width elementor-section-height-default elementor-section-height-default\" data-id=\"6e2f5955\" data-element_type=\"section\" data-e-type=\"section\" data-settings=\"{&quot;background_background&quot;:&quot;classic&quot;,&quot;shape_divider_top&quot;:&quot;arrow&quot;,&quot;shape_divider_bottom&quot;:&quot;arrow&quot;}\">\n\t\t\t\t\t<div class=\"elementor-shape elementor-shape-top\" aria-hidden=\"true\" data-negative=\"false\">\n\t\t\t<svg xmlns=\"http:\/\/www.w3.org\/2000\/svg\" viewBox=\"0 0 700 10\" preserveAspectRatio=\"none\">\n\t<path class=\"elementor-shape-fill\" d=\"M350,10L340,0h20L350,10z\"\/>\n<\/svg>\t\t<\/div>\n\t\t\t\t<div class=\"elementor-shape elementor-shape-bottom\" aria-hidden=\"true\" data-negative=\"false\">\n\t\t\t<svg xmlns=\"http:\/\/www.w3.org\/2000\/svg\" viewBox=\"0 0 700 10\" preserveAspectRatio=\"none\">\n\t<path class=\"elementor-shape-fill\" d=\"M350,10L340,0h20L350,10z\"\/>\n<\/svg>\t\t<\/div>\n\t\t\t\t\t<div class=\"elementor-container elementor-column-gap-no\">\n\t\t\t\t\t<div class=\"elementor-column elementor-col-100 elementor-top-column elementor-element elementor-element-2fd7f537\" data-id=\"2fd7f537\" data-element_type=\"column\" data-e-type=\"column\">\n\t\t\t<div class=\"elementor-widget-wrap elementor-element-populated\">\n\t\t\t\t\t\t<div class=\"elementor-element elementor-element-650038a2 elementor-widget-mobile__width-initial elementor-widget elementor-widget-heading\" data-id=\"650038a2\" data-element_type=\"widget\" data-e-type=\"widget\" data-widget_type=\"heading.default\">\n\t\t\t\t<div class=\"elementor-widget-container\">\n\t\t\t\t\t<h3 class=\"elementor-heading-title elementor-size-default\">Blog<\/h3>\t\t\t\t<\/div>\n\t\t\t\t<\/div>\n\t\t\t\t\t<\/div>\n\t\t<\/div>\n\t\t\t\t\t<\/div>\n\t\t<\/section>\n\t\t\t\t<section class=\"elementor-section elementor-top-section elementor-element elementor-element-460adc1a animated-slow elementor-section-boxed elementor-section-height-default elementor-section-height-default\" data-id=\"460adc1a\" data-element_type=\"section\" data-e-type=\"section\" data-settings=\"{&quot;background_background&quot;:&quot;classic&quot;,&quot;animation&quot;:&quot;none&quot;}\">\n\t\t\t\t\t\t\t<div class=\"elementor-background-overlay\"><\/div>\n\t\t\t\t\t\t\t<div class=\"elementor-container elementor-column-gap-default\">\n\t\t\t\t\t<div class=\"elementor-column elementor-col-100 elementor-top-column elementor-element elementor-element-370626e6\" data-id=\"370626e6\" data-element_type=\"column\" data-e-type=\"column\">\n\t\t\t<div class=\"elementor-widget-wrap elementor-element-populated\">\n\t\t\t\t\t\t<div class=\"elementor-element elementor-element-1aa3c6f3 elementor-grid-eael-col-3 elementor-grid-tablet-eael-col-2 elementor-grid-mobile-eael-col-1 elementor-widget elementor-widget-eael-post-grid\" data-id=\"1aa3c6f3\" data-element_type=\"widget\" data-e-type=\"widget\" data-settings=\"{&quot;eael_post_grid_columns&quot;:&quot;eael-col-3&quot;,&quot;eael_post_grid_columns_tablet&quot;:&quot;eael-col-2&quot;,&quot;eael_post_grid_columns_mobile&quot;:&quot;eael-col-1&quot;}\" data-widget_type=\"eael-post-grid.default\">\n\t\t\t\t<div class=\"elementor-widget-container\">\n\t\t\t\t\t<div id=\"eael-post-grid-1aa3c6f3\" class=\"eael-post-grid-container\">\n            <div class=\"eael-post-grid eael-post-appender eael-post-appender-1aa3c6f3 eael-post-grid-style-two\" data-layout-mode=\"grid\"><article class=\"eael-grid-post  eael-post-grid-column eael-pg-post-463 category-blog\" data-id=\"463\">\n    <div class=\"eael-grid-post-holder\">\n        <div class=\"eael-grid-post-holder-inner\"><div class=\"eael-entry-media\"><div class=\"eael-entry-overlay fade-in\"><i class=\"fas fa-long-arrow-alt-right\" aria-hidden=\"true\"><\/i><a href=\"https:\/\/mairadoliveira.com.br\/?p=463\"><\/a><\/div><div class=\"eael-entry-thumbnail eael-image-ratio\">\n                            <img fetchpriority=\"high\" decoding=\"async\" width=\"736\" height=\"856\" src=\"https:\/\/mairadoliveira.com.br\/wp-content\/uploads\/2023\/10\/BLOG-afinal-pq-vc-se-auto-sabota-1.jpeg\" class=\"attachment-full size-full wp-image-391\" alt=\"\" srcset=\"https:\/\/mairadoliveira.com.br\/wp-content\/uploads\/2023\/10\/BLOG-afinal-pq-vc-se-auto-sabota-1.jpeg 736w, https:\/\/mairadoliveira.com.br\/wp-content\/uploads\/2023\/10\/BLOG-afinal-pq-vc-se-auto-sabota-1-258x300.jpeg 258w\" sizes=\"(max-width: 736px) 100vw, 736px\" \/>\n                            <\/div>\n                    <\/div><div class=\"eael-entry-wrapper\"><header class=\"eael-entry-header\"><h2 class=\"eael-entry-title\"><a class=\"eael-grid-post-link\" href=\"https:\/\/mairadoliveira.com.br\/?p=463\" title=\"Afinal, por que voc\u00ea se auto sabota?\">Afinal, por que voc\u00ea se auto sabota?<\/a><\/h2><\/header><div class=\"eael-entry-content\">\n                                <div class=\"eael-grid-post-excerpt\"><p>Afinal por que voc\u00ea se autosabota? Leia este texto at\u00e9 o final e compreenda porque isso acontece e como resolver esse problema. Voc\u00ea se sabota porque voc\u00ea tomou uma decis\u00e3o, h\u00e1 muito...<\/p><a href=\"https:\/\/mairadoliveira.com.br\/?p=463\" class=\"eael-post-elements-readmore-btn\">Ler mais<\/a><\/div>\n                            <\/div><div class=\"eael-entry-header-after style-two\"><div class=\"eael-entry-meta\"><span class=\"eael-meta-posted-on\"><i class=\"far fa-clock\"><\/i><time datetime=\"4 de outubro de 2023\">4 de outubro de 2023<\/time><\/span><\/div><\/div><\/div><\/div>\n    <\/div>\n<\/article><article class=\"eael-grid-post  eael-post-grid-column eael-pg-post-459 category-blog\" data-id=\"459\">\n    <div class=\"eael-grid-post-holder\">\n        <div class=\"eael-grid-post-holder-inner\"><div class=\"eael-entry-media\"><div class=\"eael-entry-overlay fade-in\"><i class=\"fas fa-long-arrow-alt-right\" aria-hidden=\"true\"><\/i><a href=\"https:\/\/mairadoliveira.com.br\/?p=459\"><\/a><\/div><div class=\"eael-entry-thumbnail eael-image-ratio\">\n                            <img decoding=\"async\" width=\"736\" height=\"920\" src=\"https:\/\/mairadoliveira.com.br\/wp-content\/uploads\/2023\/10\/BLOG-vc-tem-dificuldade-de-cuidar-de-si.jpeg\" class=\"attachment-full size-full wp-image-395\" alt=\"\" srcset=\"https:\/\/mairadoliveira.com.br\/wp-content\/uploads\/2023\/10\/BLOG-vc-tem-dificuldade-de-cuidar-de-si.jpeg 736w, https:\/\/mairadoliveira.com.br\/wp-content\/uploads\/2023\/10\/BLOG-vc-tem-dificuldade-de-cuidar-de-si-240x300.jpeg 240w\" sizes=\"(max-width: 736px) 100vw, 736px\" \/>\n                            <\/div>\n                    <\/div><div class=\"eael-entry-wrapper\"><header class=\"eael-entry-header\"><h2 class=\"eael-entry-title\"><a class=\"eael-grid-post-link\" href=\"https:\/\/mairadoliveira.com.br\/?p=459\" title=\"Voc\u00ea tem dificuldade de cuidar de si?\u00a0\">Voc\u00ea tem dificuldade de cuidar de si?\u00a0<\/a><\/h2><\/header><div class=\"eael-entry-content\">\n                                <div class=\"eael-grid-post-excerpt\"><p>Voc\u00ea tem dificuldade de cuidar de si? Leia este texto at\u00e9 o final e descubra &#8220;se&#8221; e &#8220;porque&#8221; voc\u00ea tem essa dificuldade. Cuidar dos outros de forma exagerada &#8211; e por outros...<\/p><a href=\"https:\/\/mairadoliveira.com.br\/?p=459\" class=\"eael-post-elements-readmore-btn\">Ler mais<\/a><\/div>\n                            <\/div><div class=\"eael-entry-header-after style-two\"><div class=\"eael-entry-meta\"><span class=\"eael-meta-posted-on\"><i class=\"far fa-clock\"><\/i><time datetime=\"3 de outubro de 2023\">3 de outubro de 2023<\/time><\/span><\/div><\/div><\/div><\/div>\n    <\/div>\n<\/article><article class=\"eael-grid-post  eael-post-grid-column eael-pg-post-454 category-blog\" data-id=\"454\">\n    <div class=\"eael-grid-post-holder\">\n        <div class=\"eael-grid-post-holder-inner\"><div class=\"eael-entry-media\"><div class=\"eael-entry-overlay fade-in\"><i class=\"fas fa-long-arrow-alt-right\" aria-hidden=\"true\"><\/i><a href=\"https:\/\/mairadoliveira.com.br\/?p=454\"><\/a><\/div><div class=\"eael-entry-thumbnail eael-image-ratio\">\n                            <img decoding=\"async\" width=\"736\" height=\"920\" src=\"https:\/\/mairadoliveira.com.br\/wp-content\/uploads\/2023\/10\/BLOG-dor-emocional-x-dor-fisica.jpeg\" class=\"attachment-full size-full wp-image-396\" alt=\"\" srcset=\"https:\/\/mairadoliveira.com.br\/wp-content\/uploads\/2023\/10\/BLOG-dor-emocional-x-dor-fisica.jpeg 736w, https:\/\/mairadoliveira.com.br\/wp-content\/uploads\/2023\/10\/BLOG-dor-emocional-x-dor-fisica-240x300.jpeg 240w\" sizes=\"(max-width: 736px) 100vw, 736px\" \/>\n                            <\/div>\n                    <\/div><div class=\"eael-entry-wrapper\"><header class=\"eael-entry-header\"><h2 class=\"eael-entry-title\"><a class=\"eael-grid-post-link\" href=\"https:\/\/mairadoliveira.com.br\/?p=454\" title=\"Dor Emocional x Dor f\u00edsica\">Dor Emocional x Dor f\u00edsica<\/a><\/h2><\/header><div class=\"eael-entry-content\">\n                                <div class=\"eael-grid-post-excerpt\"><p>Dor Emocional x Dor F\u00edsica Voc\u00ea sabia que quando a gente experimenta uma dor emocional &#8211; uma tristeza, uma vergonha, uma ang\u00fastia, um medo &#8211; a parte do nosso c\u00e9rebro que \u00e9...<\/p><a href=\"https:\/\/mairadoliveira.com.br\/?p=454\" class=\"eael-post-elements-readmore-btn\">Ler mais<\/a><\/div>\n                            <\/div><div class=\"eael-entry-header-after style-two\"><div class=\"eael-entry-meta\"><span class=\"eael-meta-posted-on\"><i class=\"far fa-clock\"><\/i><time datetime=\"3 de outubro de 2023\">3 de outubro de 2023<\/time><\/span><\/div><\/div><\/div><\/div>\n    <\/div>\n<\/article><\/div>\n            <div class=\"clearfix\"><\/div>\n        <\/div>\t\t\t\t<\/div>\n\t\t\t\t<\/div>\n\t\t\t\t\t<\/div>\n\t\t<\/div>\n\t\t\t\t\t<\/div>\n\t\t<\/section>\n\t\t\t\t<\/div>\n\t\t","protected":false},"excerpt":{"rendered":"<p>Blog Afinal, por que voc\u00ea se auto sabota? Ler mais 4 de outubro de 2023 Voc\u00ea tem dificuldade de cuidar de si?\u00a0 Ler mais 3 de outubro de 2023 Dor Emocional x Dor f\u00edsica Ler mais 3 de outubro de 2023<\/p>\n","protected":false},"author":2,"featured_media":0,"parent":0,"menu_order":0,"comment_status":"closed","ping_status":"closed","template":"elementor_canvas","meta":{"footnotes":""},"class_list":["post-296","page","type-page","status-publish","hentry"],"yoast_head":"<!-- This site is optimized with the Yoast SEO plugin v27.0 - https:\/\/yoast.com\/product\/yoast-seo-wordpress\/ -->\n<title>Psicologia e Psicoterapia com foco em Trauma<\/title>\n<meta name=\"description\" content=\"Psicologia e Psicoterapia com foco em Trauma\" \/>\n<meta name=\"robots\" content=\"index, follow, max-snippet:-1, max-image-preview:large, max-video-preview:-1\" \/>\n<link rel=\"canonical\" href=\"https:\/\/mairadoliveira.com.br\/?page_id=296\" \/>\n<meta property=\"og:locale\" content=\"pt_BR\" \/>\n<meta property=\"og:type\" content=\"article\" \/>\n<meta property=\"og:title\" content=\"Psicologia e Psicoterapia com foco em Trauma\" \/>\n<meta property=\"og:description\" content=\"Psicologia e Psicoterapia com foco em Trauma\" \/>\n<meta property=\"og:url\" content=\"https:\/\/mairadoliveira.com.br\/?page_id=296\" \/>\n<meta property=\"og:site_name\" content=\"Psic\u00f3loga Ma\u00edra D&#039;Oliveira\" \/>\n<meta property=\"article:modified_time\" content=\"2024-01-19T11:55:03+00:00\" \/>\n<meta property=\"og:image\" content=\"https:\/\/mairadoliveira.com.br\/wp-content\/uploads\/2023\/10\/BLOG-afinal-pq-vc-se-auto-sabota-1.jpeg\" \/>\n<meta name=\"twitter:card\" content=\"summary_large_image\" \/>\n<meta name=\"twitter:label1\" content=\"Est. tempo de leitura\" \/>\n\t<meta name=\"twitter:data1\" content=\"1 minuto\" \/>\n<script type=\"application\/ld+json\" class=\"yoast-schema-graph\">{\"@context\":\"https:\/\/schema.org\",\"@graph\":[{\"@type\":\"WebPage\",\"@id\":\"https:\/\/mairadoliveira.com.br\/?page_id=296\",\"url\":\"https:\/\/mairadoliveira.com.br\/?page_id=296\",\"name\":\"Psicologia e Psicoterapia com foco em Trauma\",\"isPartOf\":{\"@id\":\"https:\/\/mairadoliveira.com.br\/#website\"},\"primaryImageOfPage\":{\"@id\":\"https:\/\/mairadoliveira.com.br\/?page_id=296#primaryimage\"},\"image\":{\"@id\":\"https:\/\/mairadoliveira.com.br\/?page_id=296#primaryimage\"},\"thumbnailUrl\":\"https:\/\/mairadoliveira.com.br\/wp-content\/uploads\/2023\/10\/BLOG-afinal-pq-vc-se-auto-sabota-1.jpeg\",\"datePublished\":\"2023-10-01T13:41:34+00:00\",\"dateModified\":\"2024-01-19T11:55:03+00:00\",\"description\":\"Psicologia e Psicoterapia com foco em Trauma\",\"breadcrumb\":{\"@id\":\"https:\/\/mairadoliveira.com.br\/?page_id=296#breadcrumb\"},\"inLanguage\":\"pt-BR\",\"potentialAction\":[{\"@type\":\"ReadAction\",\"target\":[\"https:\/\/mairadoliveira.com.br\/?page_id=296\"]}]},{\"@type\":\"ImageObject\",\"inLanguage\":\"pt-BR\",\"@id\":\"https:\/\/mairadoliveira.com.br\/?page_id=296#primaryimage\",\"url\":\"https:\/\/mairadoliveira.com.br\/wp-content\/uploads\/2023\/10\/BLOG-afinal-pq-vc-se-auto-sabota-1.jpeg\",\"contentUrl\":\"https:\/\/mairadoliveira.com.br\/wp-content\/uploads\/2023\/10\/BLOG-afinal-pq-vc-se-auto-sabota-1.jpeg\",\"width\":736,\"height\":856},{\"@type\":\"BreadcrumbList\",\"@id\":\"https:\/\/mairadoliveira.com.br\/?page_id=296#breadcrumb\",\"itemListElement\":[{\"@type\":\"ListItem\",\"position\":1,\"name\":\"In\u00edcio\",\"item\":\"https:\/\/mairadoliveira.com.br\/\"},{\"@type\":\"ListItem\",\"position\":2,\"name\":\"Blog\"}]},{\"@type\":\"WebSite\",\"@id\":\"https:\/\/mairadoliveira.com.br\/#website\",\"url\":\"https:\/\/mairadoliveira.com.br\/\",\"name\":\"Psic\u00f3loga Ma\u00edra D&#039;Oliveira\",\"description\":\"Psicologia e Psicoterapia com foco em Trauma\",\"publisher\":{\"@id\":\"https:\/\/mairadoliveira.com.br\/#organization\"},\"potentialAction\":[{\"@type\":\"SearchAction\",\"target\":{\"@type\":\"EntryPoint\",\"urlTemplate\":\"https:\/\/mairadoliveira.com.br\/?s={search_term_string}\"},\"query-input\":{\"@type\":\"PropertyValueSpecification\",\"valueRequired\":true,\"valueName\":\"search_term_string\"}}],\"inLanguage\":\"pt-BR\"},{\"@type\":\"Organization\",\"@id\":\"https:\/\/mairadoliveira.com.br\/#organization\",\"name\":\"Psic\u00f3loga Ma\u00edra D&#039;Oliveira\",\"url\":\"https:\/\/mairadoliveira.com.br\/\",\"logo\":{\"@type\":\"ImageObject\",\"inLanguage\":\"pt-BR\",\"@id\":\"https:\/\/mairadoliveira.com.br\/#\/schema\/logo\/image\/\",\"url\":\"https:\/\/mairadoliveira.com.br\/wp-content\/uploads\/2023\/10\/cropped-Maira-favicon4.png\",\"contentUrl\":\"https:\/\/mairadoliveira.com.br\/wp-content\/uploads\/2023\/10\/cropped-Maira-favicon4.png\",\"width\":5000,\"height\":5000,\"caption\":\"Psic\u00f3loga Ma\u00edra D&#039;Oliveira\"},\"image\":{\"@id\":\"https:\/\/mairadoliveira.com.br\/#\/schema\/logo\/image\/\"}}]}<\/script>\n<!-- \/ Yoast SEO plugin. -->","yoast_head_json":{"title":"Psicologia e Psicoterapia com foco em Trauma","description":"Psicologia e Psicoterapia com foco em Trauma","robots":{"index":"index","follow":"follow","max-snippet":"max-snippet:-1","max-image-preview":"max-image-preview:large","max-video-preview":"max-video-preview:-1"},"canonical":"https:\/\/mairadoliveira.com.br\/?page_id=296","og_locale":"pt_BR","og_type":"article","og_title":"Psicologia e Psicoterapia com foco em Trauma","og_description":"Psicologia e Psicoterapia com foco em Trauma","og_url":"https:\/\/mairadoliveira.com.br\/?page_id=296","og_site_name":"Psic\u00f3loga Ma\u00edra D&#039;Oliveira","article_modified_time":"2024-01-19T11:55:03+00:00","og_image":[{"url":"https:\/\/mairadoliveira.com.br\/wp-content\/uploads\/2023\/10\/BLOG-afinal-pq-vc-se-auto-sabota-1.jpeg","type":"","width":"","height":""}],"twitter_card":"summary_large_image","twitter_misc":{"Est. tempo de leitura":"1 minuto"},"schema":{"@context":"https:\/\/schema.org","@graph":[{"@type":"WebPage","@id":"https:\/\/mairadoliveira.com.br\/?page_id=296","url":"https:\/\/mairadoliveira.com.br\/?page_id=296","name":"Psicologia e Psicoterapia com foco em Trauma","isPartOf":{"@id":"https:\/\/mairadoliveira.com.br\/#website"},"primaryImageOfPage":{"@id":"https:\/\/mairadoliveira.com.br\/?page_id=296#primaryimage"},"image":{"@id":"https:\/\/mairadoliveira.com.br\/?page_id=296#primaryimage"},"thumbnailUrl":"https:\/\/mairadoliveira.com.br\/wp-content\/uploads\/2023\/10\/BLOG-afinal-pq-vc-se-auto-sabota-1.jpeg","datePublished":"2023-10-01T13:41:34+00:00","dateModified":"2024-01-19T11:55:03+00:00","description":"Psicologia e Psicoterapia com foco em Trauma","breadcrumb":{"@id":"https:\/\/mairadoliveira.com.br\/?page_id=296#breadcrumb"},"inLanguage":"pt-BR","potentialAction":[{"@type":"ReadAction","target":["https:\/\/mairadoliveira.com.br\/?page_id=296"]}]},{"@type":"ImageObject","inLanguage":"pt-BR","@id":"https:\/\/mairadoliveira.com.br\/?page_id=296#primaryimage","url":"https:\/\/mairadoliveira.com.br\/wp-content\/uploads\/2023\/10\/BLOG-afinal-pq-vc-se-auto-sabota-1.jpeg","contentUrl":"https:\/\/mairadoliveira.com.br\/wp-content\/uploads\/2023\/10\/BLOG-afinal-pq-vc-se-auto-sabota-1.jpeg","width":736,"height":856},{"@type":"BreadcrumbList","@id":"https:\/\/mairadoliveira.com.br\/?page_id=296#breadcrumb","itemListElement":[{"@type":"ListItem","position":1,"name":"In\u00edcio","item":"https:\/\/mairadoliveira.com.br\/"},{"@type":"ListItem","position":2,"name":"Blog"}]},{"@type":"WebSite","@id":"https:\/\/mairadoliveira.com.br\/#website","url":"https:\/\/mairadoliveira.com.br\/","name":"Psic\u00f3loga Ma\u00edra D&#039;Oliveira","description":"Psicologia e Psicoterapia com foco em Trauma","publisher":{"@id":"https:\/\/mairadoliveira.com.br\/#organization"},"potentialAction":[{"@type":"SearchAction","target":{"@type":"EntryPoint","urlTemplate":"https:\/\/mairadoliveira.com.br\/?s={search_term_string}"},"query-input":{"@type":"PropertyValueSpecification","valueRequired":true,"valueName":"search_term_string"}}],"inLanguage":"pt-BR"},{"@type":"Organization","@id":"https:\/\/mairadoliveira.com.br\/#organization","name":"Psic\u00f3loga Ma\u00edra D&#039;Oliveira","url":"https:\/\/mairadoliveira.com.br\/","logo":{"@type":"ImageObject","inLanguage":"pt-BR","@id":"https:\/\/mairadoliveira.com.br\/#\/schema\/logo\/image\/","url":"https:\/\/mairadoliveira.com.br\/wp-content\/uploads\/2023\/10\/cropped-Maira-favicon4.png","contentUrl":"https:\/\/mairadoliveira.com.br\/wp-content\/uploads\/2023\/10\/cropped-Maira-favicon4.png","width":5000,"height":5000,"caption":"Psic\u00f3loga Ma\u00edra D&#039;Oliveira"},"image":{"@id":"https:\/\/mairadoliveira.com.br\/#\/schema\/logo\/image\/"}}]}},"_links":{"self":[{"href":"https:\/\/mairadoliveira.com.br\/index.php?rest_route=\/wp\/v2\/pages\/296","targetHints":{"allow":["GET"]}}],"collection":[{"href":"https:\/\/mairadoliveira.com.br\/index.php?rest_route=\/wp\/v2\/pages"}],"about":[{"href":"https:\/\/mairadoliveira.com.br\/index.php?rest_route=\/wp\/v2\/types\/page"}],"author":[{"embeddable":true,"href":"https:\/\/mairadoliveira.com.br\/index.php?rest_route=\/wp\/v2\/users\/2"}],"replies":[{"embeddable":true,"href":"https:\/\/mairadoliveira.com.br\/index.php?rest_route=%2Fwp%2Fv2%2Fcomments&post=296"}],"version-history":[{"count":38,"href":"https:\/\/mairadoliveira.com.br\/index.php?rest_route=\/wp\/v2\/pages\/296\/revisions"}],"predecessor-version":[{"id":685,"href":"https:\/\/mairadoliveira.com.br\/index.php?rest_route=\/wp\/v2\/pages\/296\/revisions\/685"}],"wp:attachment":[{"href":"https:\/\/mairadoliveira.com.br\/index.php?rest_route=%2Fwp%2Fv2%2Fmedia&parent=296"}],"curies":[{"name":"wp","href":"https:\/\/api.w.org\/{rel}","templated":true}]}}